{"id":1819,"date":"2021-06-16T12:41:28","date_gmt":"2021-06-16T12:41:28","guid":{"rendered":"https:\/\/newguide.net\/berater-anfrage\/"},"modified":"2023-02-19T14:40:33","modified_gmt":"2023-02-19T14:40:33","slug":"berater-anfrage","status":"publish","type":"page","link":"https:\/\/newguide.net\/de\/berater-anfrage\/","title":{"rendered":"Berater-Anfrage"},"content":{"rendered":"\n<div class=\"wp-block-cover alignwide\" style=\"min-height:190px;aspect-ratio:unset;\" data-block-type=\"core\"><span aria-hidden=\"true\" class=\"wp-block-cover__background has-background-dim-0 has-background-dim\"><\/span><img loading=\"lazy\" decoding=\"async\" width=\"2448\" height=\"779\" class=\"wp-block-cover__image-background wp-image-627\" alt=\"\" src=\"https:\/\/newguide.net\/wp-content\/uploads\/2021\/06\/IMG_0382.png\" style=\"object-position:50% 0%\" data-object-fit=\"cover\" data-object-position=\"50% 0%\" srcset=\"https:\/\/newguide.net\/wp-content\/uploads\/2021\/06\/IMG_0382.png 2448w, https:\/\/newguide.net\/wp-content\/uploads\/2021\/06\/IMG_0382-300x95.png 300w, https:\/\/newguide.net\/wp-content\/uploads\/2021\/06\/IMG_0382-1024x326.png 1024w, https:\/\/newguide.net\/wp-content\/uploads\/2021\/06\/IMG_0382-768x244.png 768w, https:\/\/newguide.net\/wp-content\/uploads\/2021\/06\/IMG_0382-1536x489.png 1536w, https:\/\/newguide.net\/wp-content\/uploads\/2021\/06\/IMG_0382-2048x652.png 2048w, https:\/\/newguide.net\/wp-content\/uploads\/2021\/06\/IMG_0382-1568x499.png 1568w\" sizes=\"auto, (max-width: 2448px) 100vw, 2448px\" \/><div class=\"wp-block-cover__inner-container is-layout-flow wp-block-cover-is-layout-flow\">\n<p class=\"has-text-align-center has-large-font-size\" data-block-type=\"core\"><\/p>\n<\/div><\/div>\n\n<div class=\"wp-block-columns is-layout-flex wp-container-core-columns-is-layout-9d6595d7 wp-block-columns-is-layout-flex\" data-block-type=\"core\">\n<div class=\"wp-block-column is-layout-flow wp-block-column-is-layout-flow\" data-block-type=\"core\">\n<div class=\"wp-block-ugb-text ugb-text ugb-eb0fbbb ugb-text--design-plain ugb-text--columns-1 ugb-main-block\"><style>.ugb-eb0fbbb .ugb-text__title{color:#024f7c;font-size:20px !important}.ugb-eb0fbbb .ugb-text__text p{font-size:15px !important;line-height:1.4em !important}<\/style><div class=\"ugb-inner-block\"><div class=\"ugb-block-content\"><div class=\"ugb-text__title-wrapper\"><h2 class=\"ugb-text__title\"><strong>Aktivit\u00e4ten<\/strong><\/h2><\/div><div class=\"ugb-text__text-wrapper\"><div class=\"ugb-text__text\"><p class=\"ugb-text__text-1\">Ehemalige leitende Angestellte in den Biowissenschaften werden ermutigt, eine Mitgliedschaft bei New Guide in Betracht zu ziehen.<br><br>Berater sind unabh\u00e4ngig und k\u00f6nnen jede Gelegenheit zur Beratung eines Kunden annehmen oder ablehnen. Es fallen keine Geb\u00fchren an, um Berater zu werden oder zu bleiben, und man kann jederzeit zur\u00fccktreten.<br><br>Der Berater legt die Verg\u00fctung f\u00fcr einen Auftrag fest, indem er die vom Management Committee festgelegten Honorarrichtlinien an die Situation des Kunden anpasst und die Bedingungen mit dem Kunden aushandelt. Zwischen dem Berater und dem Kunden wird ein Beratungsvertrag unterzeichnet. Es sind keine Geb\u00fchren oder Provisionen an New Guide zu zahlen. Die Arbeitszeiten sind flexibel, Berater und Kunde vereinbaren einen einvernehmlichen Zeitplan.<br><br>Die Berater k\u00f6nnen allen oder einzelnen Beratern Gesch\u00e4ftsentwicklungsideen, Investitionsm\u00f6glichkeiten und Forschungsprojekte vorschlagen. Die Bedingungen werden zwischen den beteiligten unabh\u00e4ngigen Beratern ausgehandelt und vereinbart. Es sind keine Geb\u00fchren oder Provisionen an New Guide zu zahlen. Kein Berater au\u00dfer denjenigen, die sich vertraglich zur Teilnahme an einer Initiative bereit erkl\u00e4ren, hat irgendwelche Rechte oder Verpflichtungen. <br><br>Muster f\u00fcr Beratervertr\u00e4ge und Vertraulichkeitsvereinbarungen sind verf\u00fcgbar.<\/p><\/div><\/div><\/div><\/div><\/div>\n\n\n\n<div class=\"wp-block-ugb-text ugb-text ugb-dbe1cb9 ugb-text--design-plain ugb-text--columns-1 ugb-main-block\"><style>.ugb-dbe1cb9 .ugb-text__title{color:#024f7c;font-size:20px !important}.ugb-dbe1cb9 .ugb-text__text p{font-size:15px !important;line-height:1.4em !important}<\/style><div class=\"ugb-inner-block\"><div class=\"ugb-block-content\"><div class=\"ugb-text__title-wrapper\"><h2 class=\"ugb-text__title\"><strong>Qualifikationen und Zulassungen<\/strong><\/h2><\/div><div class=\"ugb-text__text-wrapper\"><div class=\"ugb-text__text\"><p class=\"ugb-text__text-1\"><br>Die Berater sollten eine leitende Position im Bereich Forschung und Entwicklung in den Biowissenschaften innegehabt haben (d.h. sie waren z.B. einem Vorstandsmitglied unterstellt).<br><br>Das Management-Komitee pr\u00fcft die Bewerbungen von Beratern und gibt zeitnah eine Antwort.<br><br>Wenn Sie unverbindlich pr\u00fcfen m\u00f6chten, ob Sie ein unabh\u00e4ngiger Berater werden m\u00f6chten, oder weitere Informationen w\u00fcnschen, nehmen Sie bitte Kontakt mit uns auf!<br><br>Der Inhalt Ihrer Nachricht bleibt nat\u00fcrlich Ihnen \u00fcberlassen. Es w\u00e4re jedoch hilfreich, wenn Sie uns ein vorl\u00e4ufiges Profil geben, aus dem Ihre wichtigsten Fachgebiete hervorgehen, welche Aktivit\u00e4ten oder Bereiche Sie vorzugsweise beraten m\u00f6chten und in welcher Phase oder bei welcher Art von Unternehmen Sie sich engagieren m\u00f6chten.<br><br>Bitte senden Sie eine E-Mail an i<a href=\"mailto:info@newguide.net\">nfo@newguide.net<\/a><\/p><\/div><\/div><\/div><\/div><\/div>\n\n\n\n<p data-block-type=\"core\"><\/p>\n<\/div>\n<\/div>\n","protected":false},"excerpt":{"rendered":"<p>Aktivit\u00e4ten Ehemalige leitende Angestellte in den Biowissenschaften werden ermutigt, eine Mitgliedschaft bei New Guide in Betracht zu ziehen. Berater sind unabh\u00e4ngig und k\u00f6nnen jede Gelegenheit zur Beratung eines Kunden annehmen oder ablehnen. Es fallen keine Geb\u00fchren an, um Berater zu werden oder zu bleiben, und man kann jederzeit zur\u00fccktreten. Der Berater legt die Verg\u00fctung f\u00fcr&hellip; <a class=\"more-link\" href=\"https:\/\/newguide.net\/de\/berater-anfrage\/\"><span class=\"screen-reader-text\">Berater-Anfrage<\/span> weiterlesen<\/a><\/p>\n","protected":false},"author":1,"featured_media":0,"parent":0,"menu_order":0,"comment_status":"closed","ping_status":"closed","template":"","meta":{"footnotes":""},"class_list":["post-1819","page","type-page","status-publish","hentry","entry"],"featured_image_urls_v2":{"full":"","thumbnail":"","medium":"","medium_large":"","large":"","1536x1536":"","2048x2048":"","post-thumbnail":""},"post_excerpt_stackable_v2":"<p>Aktivit\u00e4tenEhemalige leitende Angestellte in den Biowissenschaften werden ermutigt, eine Mitgliedschaft bei New Guide in Betracht zu ziehen.Berater sind unabh\u00e4ngig und k\u00f6nnen jede Gelegenheit zur Beratung eines Kunden annehmen oder ablehnen. Es fallen keine Geb\u00fchren an, um Berater zu werden oder zu bleiben, und man kann jederzeit zur\u00fccktreten.Der Berater legt die Verg\u00fctung f\u00fcr einen Auftrag fest, indem er die vom Management Committee festgelegten Honorarrichtlinien an die Situation des Kunden anpasst und die Bedingungen mit dem Kunden aushandelt. Zwischen dem Berater und dem Kunden wird ein Beratungsvertrag unterzeichnet. Es sind keine Geb\u00fchren oder Provisionen an New Guide zu zahlen. Die Arbeitszeiten sind&hellip;<\/p>\n","category_list_v2":"","author_info_v2":{"name":"newguide","url":"https:\/\/newguide.net\/de\/author\/newguide\/"},"comments_num_v2":"0 comments","yoast_head":"<!-- This site is optimized with the Yoast SEO plugin v23.4 - https:\/\/yoast.com\/wordpress\/plugins\/seo\/ -->\n<title>Berater-Anfrage - New Guide<\/title>\n<meta name=\"robots\" content=\"index, follow, max-snippet:-1, max-image-preview:large, max-video-preview:-1\" \/>\n<link rel=\"canonical\" href=\"https:\/\/newguide.net\/de\/berater-anfrage\/\" \/>\n<meta property=\"og:locale\" content=\"de_DE\" \/>\n<meta property=\"og:type\" content=\"article\" \/>\n<meta property=\"og:title\" content=\"Berater-Anfrage - New Guide\" \/>\n<meta property=\"og:description\" content=\"Aktivit\u00e4ten Ehemalige leitende Angestellte in den Biowissenschaften werden ermutigt, eine Mitgliedschaft bei New Guide in Betracht zu ziehen. Berater sind unabh\u00e4ngig und k\u00f6nnen jede Gelegenheit zur Beratung eines Kunden annehmen oder ablehnen. Es fallen keine Geb\u00fchren an, um Berater zu werden oder zu bleiben, und man kann jederzeit zur\u00fccktreten. Der Berater legt die Verg\u00fctung f\u00fcr&hellip; Berater-Anfrage weiterlesen\" \/>\n<meta property=\"og:url\" content=\"https:\/\/newguide.net\/de\/berater-anfrage\/\" \/>\n<meta property=\"og:site_name\" content=\"New Guide\" \/>\n<meta property=\"article:modified_time\" content=\"2023-02-19T14:40:33+00:00\" \/>\n<meta property=\"og:image\" content=\"https:\/\/newguide.net\/wp-content\/uploads\/2021\/06\/IMG_0382.png\" \/>\n<meta name=\"twitter:card\" content=\"summary_large_image\" \/>\n<meta name=\"twitter:label1\" content=\"Gesch\u00e4tzte Lesezeit\" \/>\n\t<meta name=\"twitter:data1\" content=\"2\u00a0Minuten\" \/>\n<script type=\"application\/ld+json\" class=\"yoast-schema-graph\">{\"@context\":\"https:\/\/schema.org\",\"@graph\":[{\"@type\":\"WebPage\",\"@id\":\"https:\/\/newguide.net\/de\/berater-anfrage\/\",\"url\":\"https:\/\/newguide.net\/de\/berater-anfrage\/\",\"name\":\"Berater-Anfrage - New Guide\",\"isPartOf\":{\"@id\":\"https:\/\/newguide.net\/de\/#website\"},\"primaryImageOfPage\":{\"@id\":\"https:\/\/newguide.net\/de\/berater-anfrage\/#primaryimage\"},\"image\":{\"@id\":\"https:\/\/newguide.net\/de\/berater-anfrage\/#primaryimage\"},\"thumbnailUrl\":\"https:\/\/newguide.net\/wp-content\/uploads\/2021\/06\/IMG_0382.png\",\"datePublished\":\"2021-06-16T12:41:28+00:00\",\"dateModified\":\"2023-02-19T14:40:33+00:00\",\"breadcrumb\":{\"@id\":\"https:\/\/newguide.net\/de\/berater-anfrage\/#breadcrumb\"},\"inLanguage\":\"de\",\"potentialAction\":[{\"@type\":\"ReadAction\",\"target\":[\"https:\/\/newguide.net\/de\/berater-anfrage\/\"]}]},{\"@type\":\"ImageObject\",\"inLanguage\":\"de\",\"@id\":\"https:\/\/newguide.net\/de\/berater-anfrage\/#primaryimage\",\"url\":\"https:\/\/newguide.net\/wp-content\/uploads\/2021\/06\/IMG_0382.png\",\"contentUrl\":\"https:\/\/newguide.net\/wp-content\/uploads\/2021\/06\/IMG_0382.png\"},{\"@type\":\"BreadcrumbList\",\"@id\":\"https:\/\/newguide.net\/de\/berater-anfrage\/#breadcrumb\",\"itemListElement\":[{\"@type\":\"ListItem\",\"position\":1,\"name\":\"Home\",\"item\":\"https:\/\/newguide.net\/de\/\"},{\"@type\":\"ListItem\",\"position\":2,\"name\":\"Berater-Anfrage\"}]},{\"@type\":\"WebSite\",\"@id\":\"https:\/\/newguide.net\/de\/#website\",\"url\":\"https:\/\/newguide.net\/de\/\",\"name\":\"New Guide\",\"description\":\"A Life Sciences consulting platform \",\"publisher\":{\"@id\":\"https:\/\/newguide.net\/de\/#organization\"},\"potentialAction\":[{\"@type\":\"SearchAction\",\"target\":{\"@type\":\"EntryPoint\",\"urlTemplate\":\"https:\/\/newguide.net\/de\/?s={search_term_string}\"},\"query-input\":{\"@type\":\"PropertyValueSpecification\",\"valueRequired\":true,\"valueName\":\"search_term_string\"}}],\"inLanguage\":\"de\"},{\"@type\":\"Organization\",\"@id\":\"https:\/\/newguide.net\/de\/#organization\",\"name\":\"New Guide\",\"url\":\"https:\/\/newguide.net\/de\/\",\"logo\":{\"@type\":\"ImageObject\",\"inLanguage\":\"de\",\"@id\":\"https:\/\/newguide.net\/de\/#\/schema\/logo\/image\/\",\"url\":\"https:\/\/newguide.net\/wp-content\/uploads\/2021\/07\/New-Guide.png\",\"contentUrl\":\"https:\/\/newguide.net\/wp-content\/uploads\/2021\/07\/New-Guide.png\",\"width\":591,\"height\":591,\"caption\":\"New Guide\"},\"image\":{\"@id\":\"https:\/\/newguide.net\/de\/#\/schema\/logo\/image\/\"}}]}<\/script>\n<!-- \/ Yoast SEO plugin. -->","yoast_head_json":{"title":"Berater-Anfrage - New Guide","robots":{"index":"index","follow":"follow","max-snippet":"max-snippet:-1","max-image-preview":"max-image-preview:large","max-video-preview":"max-video-preview:-1"},"canonical":"https:\/\/newguide.net\/de\/berater-anfrage\/","og_locale":"de_DE","og_type":"article","og_title":"Berater-Anfrage - New Guide","og_description":"Aktivit\u00e4ten Ehemalige leitende Angestellte in den Biowissenschaften werden ermutigt, eine Mitgliedschaft bei New Guide in Betracht zu ziehen. Berater sind unabh\u00e4ngig und k\u00f6nnen jede Gelegenheit zur Beratung eines Kunden annehmen oder ablehnen. Es fallen keine Geb\u00fchren an, um Berater zu werden oder zu bleiben, und man kann jederzeit zur\u00fccktreten. Der Berater legt die Verg\u00fctung f\u00fcr&hellip; Berater-Anfrage weiterlesen","og_url":"https:\/\/newguide.net\/de\/berater-anfrage\/","og_site_name":"New Guide","article_modified_time":"2023-02-19T14:40:33+00:00","og_image":[{"url":"https:\/\/newguide.net\/wp-content\/uploads\/2021\/06\/IMG_0382.png"}],"twitter_card":"summary_large_image","twitter_misc":{"Gesch\u00e4tzte Lesezeit":"2\u00a0Minuten"},"schema":{"@context":"https:\/\/schema.org","@graph":[{"@type":"WebPage","@id":"https:\/\/newguide.net\/de\/berater-anfrage\/","url":"https:\/\/newguide.net\/de\/berater-anfrage\/","name":"Berater-Anfrage - New Guide","isPartOf":{"@id":"https:\/\/newguide.net\/de\/#website"},"primaryImageOfPage":{"@id":"https:\/\/newguide.net\/de\/berater-anfrage\/#primaryimage"},"image":{"@id":"https:\/\/newguide.net\/de\/berater-anfrage\/#primaryimage"},"thumbnailUrl":"https:\/\/newguide.net\/wp-content\/uploads\/2021\/06\/IMG_0382.png","datePublished":"2021-06-16T12:41:28+00:00","dateModified":"2023-02-19T14:40:33+00:00","breadcrumb":{"@id":"https:\/\/newguide.net\/de\/berater-anfrage\/#breadcrumb"},"inLanguage":"de","potentialAction":[{"@type":"ReadAction","target":["https:\/\/newguide.net\/de\/berater-anfrage\/"]}]},{"@type":"ImageObject","inLanguage":"de","@id":"https:\/\/newguide.net\/de\/berater-anfrage\/#primaryimage","url":"https:\/\/newguide.net\/wp-content\/uploads\/2021\/06\/IMG_0382.png","contentUrl":"https:\/\/newguide.net\/wp-content\/uploads\/2021\/06\/IMG_0382.png"},{"@type":"BreadcrumbList","@id":"https:\/\/newguide.net\/de\/berater-anfrage\/#breadcrumb","itemListElement":[{"@type":"ListItem","position":1,"name":"Home","item":"https:\/\/newguide.net\/de\/"},{"@type":"ListItem","position":2,"name":"Berater-Anfrage"}]},{"@type":"WebSite","@id":"https:\/\/newguide.net\/de\/#website","url":"https:\/\/newguide.net\/de\/","name":"New Guide","description":"A Life Sciences consulting platform ","publisher":{"@id":"https:\/\/newguide.net\/de\/#organization"},"potentialAction":[{"@type":"SearchAction","target":{"@type":"EntryPoint","urlTemplate":"https:\/\/newguide.net\/de\/?s={search_term_string}"},"query-input":{"@type":"PropertyValueSpecification","valueRequired":true,"valueName":"search_term_string"}}],"inLanguage":"de"},{"@type":"Organization","@id":"https:\/\/newguide.net\/de\/#organization","name":"New Guide","url":"https:\/\/newguide.net\/de\/","logo":{"@type":"ImageObject","inLanguage":"de","@id":"https:\/\/newguide.net\/de\/#\/schema\/logo\/image\/","url":"https:\/\/newguide.net\/wp-content\/uploads\/2021\/07\/New-Guide.png","contentUrl":"https:\/\/newguide.net\/wp-content\/uploads\/2021\/07\/New-Guide.png","width":591,"height":591,"caption":"New Guide"},"image":{"@id":"https:\/\/newguide.net\/de\/#\/schema\/logo\/image\/"}}]}},"_links":{"self":[{"href":"https:\/\/newguide.net\/de\/wp-json\/wp\/v2\/pages\/1819","targetHints":{"allow":["GET"]}}],"collection":[{"href":"https:\/\/newguide.net\/de\/wp-json\/wp\/v2\/pages"}],"about":[{"href":"https:\/\/newguide.net\/de\/wp-json\/wp\/v2\/types\/page"}],"author":[{"embeddable":true,"href":"https:\/\/newguide.net\/de\/wp-json\/wp\/v2\/users\/1"}],"replies":[{"embeddable":true,"href":"https:\/\/newguide.net\/de\/wp-json\/wp\/v2\/comments?post=1819"}],"version-history":[{"count":13,"href":"https:\/\/newguide.net\/de\/wp-json\/wp\/v2\/pages\/1819\/revisions"}],"predecessor-version":[{"id":2667,"href":"https:\/\/newguide.net\/de\/wp-json\/wp\/v2\/pages\/1819\/revisions\/2667"}],"wp:attachment":[{"href":"https:\/\/newguide.net\/de\/wp-json\/wp\/v2\/media?parent=1819"}],"curies":[{"name":"wp","href":"https:\/\/api.w.org\/{rel}","templated":true}]}}