{"id":2495,"date":"2022-11-16T18:43:37","date_gmt":"2022-11-16T18:43:37","guid":{"rendered":"https:\/\/newguide.net\/beratung\/"},"modified":"2022-11-17T08:14:53","modified_gmt":"2022-11-17T08:14:53","slug":"beratung","status":"publish","type":"page","link":"https:\/\/newguide.net\/de\/beratung\/","title":{"rendered":"Beratung"},"content":{"rendered":"\n<div class=\"wp-block-cover alignwide is-light is-style-default\" style=\"min-height:190px;aspect-ratio:unset;\" data-block-type=\"core\"><span aria-hidden=\"true\" class=\"wp-block-cover__background has-background-dim-0 has-background-dim\"><\/span><img loading=\"lazy\" decoding=\"async\" width=\"2718\" height=\"642\" class=\"wp-block-cover__image-background wp-image-631\" alt=\"\" src=\"https:\/\/newguide.net\/wp-content\/uploads\/2021\/06\/IMG_0024.png\" style=\"object-position:54% 77%\" data-object-fit=\"cover\" data-object-position=\"54% 77%\" srcset=\"https:\/\/newguide.net\/wp-content\/uploads\/2021\/06\/IMG_0024.png 2718w, https:\/\/newguide.net\/wp-content\/uploads\/2021\/06\/IMG_0024-300x71.png 300w, https:\/\/newguide.net\/wp-content\/uploads\/2021\/06\/IMG_0024-1024x242.png 1024w, https:\/\/newguide.net\/wp-content\/uploads\/2021\/06\/IMG_0024-768x181.png 768w, https:\/\/newguide.net\/wp-content\/uploads\/2021\/06\/IMG_0024-1536x363.png 1536w, https:\/\/newguide.net\/wp-content\/uploads\/2021\/06\/IMG_0024-2048x484.png 2048w, https:\/\/newguide.net\/wp-content\/uploads\/2021\/06\/IMG_0024-1568x370.png 1568w\" sizes=\"auto, (max-width: 2718px) 100vw, 2718px\" \/><div class=\"wp-block-cover__inner-container is-layout-flow wp-block-cover-is-layout-flow\">\n<p class=\"has-text-align-center has-large-font-size\" data-block-type=\"core\"><\/p>\n<\/div><\/div>\n\n<div class=\"wp-block-ugb-text ugb-text ugb-fb06dfb ugb-text--design-plain ugb-text--columns-1 ugb-main-block\"><style>.ugb-fb06dfb .ugb-text__text p{font-size:15px !important;line-height:1.4em !important}.ugb-fb06dfb .ugb-inner-block{text-align:left}<\/style><div class=\"ugb-inner-block\"><div class=\"ugb-block-content\"><div class=\"ugb-text__text-wrapper\"><div class=\"ugb-text__text\"><p class=\"ugb-text__text-1\">Die Berater von New Guide haben an verschiedenen Phasen der Produkt- und Gesch\u00e4ftsentwicklung mitgewirkt, von der Einf\u00fchrung des Produkts bis zur Markteinf\u00fchrung, von der Analyse von Chancen und der Entwicklung von Strategien bis zur Priorisierung von Ressourcen, um operativ effiziente Ergebnisse zu erzielen. <br><br>Die Berater von New Guide verf\u00fcgen au\u00dferdem \u00fcber ein umfangreiches Netzwerk von Fachleuten an f\u00fchrenden Bildungs- und medizinischen Einrichtungen in Deutschland.<br><br>Der Umfang der Unterst\u00fctzung, Beratung und Anleitung umfasst die folgenden Bereiche:<\/p><\/div><\/div><\/div><\/div><\/div>\n\n<div class=\"wp-block-ugb-icon-list ugb-icon-list ugb-b3da4a5 ugb-icon-list--v2 ugb-main-block\"><style>.ugb-b3da4a5 li{font-size:15px !important;line-height:1.4em !important}.ugb-b3da4a5 li::before{background-image:url('data:image\/svg+xml;base64,PHN2ZyB4bWxucz0iaHR0cDovL3d3dy53My5vcmcvMjAwMC9zdmciIHZpZXdCb3g9IjAgMCAxOTAgMTkwIj48cG9seWdvbiBwb2ludHM9IjE3My44LDI4LjQgNjAuNCwxNDEuOCAxNS43LDk3LjIgNS4xLDEwNy44IDYwLjQsMTYzIDE4NC40LDM5IDE3My44LDI4LjQiLz48L3N2Zz4=')}.ugb-b3da4a5.ugb-icon-list ul{columns:1}.ugb-b3da4a5 .ugb-block-title{font-size:20px !important;color:#024f7c;margin-bottom:12px !important}<\/style><div class=\"ugb-inner-block\"><h2 class=\"ugb-block-title\"><strong>Forschung und Entwicklung<\/strong><\/h2><div class=\"ugb-block-content\"><ul><li>Pl\u00e4ne f\u00fcr Forschung und Entwicklung<br>\u2022 Pr\u00e4klinische und klinische Pl\u00e4ne<br>\u2022 Regulatorische Angelegenheiten<\/li><li>Bewertung und Optimierung des Projektportfolios<br>\u2022 Technologien<br>\u2022 Medizinischer Bedarf<br>\u2022 Externe M\u00f6glichkeiten<\/li><\/ul><\/div><\/div><\/div>\n\n<div class=\"wp-block-ugb-icon-list ugb-icon-list ugb-34454c6 ugb-icon-list--v2 ugb-main-block\"><style>.ugb-34454c6 li{font-size:15px !important}.ugb-34454c6 li::before{background-image:url('data:image\/svg+xml;base64,PHN2ZyB4bWxucz0iaHR0cDovL3d3dy53My5vcmcvMjAwMC9zdmciIHZpZXdCb3g9IjAgMCAxOTAgMTkwIj48cG9seWdvbiBwb2ludHM9IjE3My44LDI4LjQgNjAuNCwxNDEuOCAxNS43LDk3LjIgNS4xLDEwNy44IDYwLjQsMTYzIDE4NC40LDM5IDE3My44LDI4LjQiLz48L3N2Zz4=')}.ugb-34454c6.ugb-icon-list ul{columns:1}.ugb-34454c6 .ugb-block-title{font-size:20px !important;color:#024f7c;margin-bottom:12px !important}<\/style><div class=\"ugb-inner-block\"><h2 class=\"ugb-block-title\"><strong>Management und Teams<\/strong><\/h2><div class=\"ugb-block-content\"><ul><li>Mentoring und Coaching<br>\u2022 Optimierung der Leistung von Management und Team<\/li><li>Optimierung der Verwaltung<\/li><li>Management der Allianz<\/li><\/ul><\/div><\/div><\/div>\n\n<div class=\"wp-block-ugb-icon-list ugb-icon-list ugb-0668aa8 ugb-icon-list--v2 ugb-main-block\"><style>.ugb-0668aa8 li{font-size:15px !important}.ugb-0668aa8 li::before{background-image:url('data:image\/svg+xml;base64,PHN2ZyB4bWxucz0iaHR0cDovL3d3dy53My5vcmcvMjAwMC9zdmciIHZpZXdCb3g9IjAgMCAxOTAgMTkwIj48cG9seWdvbiBwb2ludHM9IjE3My44LDI4LjQgNjAuNCwxNDEuOCAxNS43LDk3LjIgNS4xLDEwNy44IDYwLjQsMTYzIDE4NC40LDM5IDE3My44LDI4LjQiLz48L3N2Zz4=')}.ugb-0668aa8.ugb-icon-list ul{columns:1}.ugb-0668aa8 .ugb-block-title{font-size:20px !important;color:#024f7c;margin-bottom:12px !important}<\/style><div class=\"ugb-inner-block\"><h2 class=\"ugb-block-title\"><strong>Gesch\u00e4ftsstrategie und Entwicklung<\/strong><\/h2><div class=\"ugb-block-content\"><ul><li>Gesch\u00e4ftspl\u00e4ne<br>\u2022 <a href=\"https:\/\/newguide.net\/wp-content\/uploads\/2022\/05\/Strategy-Oversight.pdf\" target=\"_blank\" rel=\"noreferrer noopener\">Strategische Positionierung von Unternehmen, Technologien und Projekten<\/a><br>\u2022 Wettbewerbliche Landschaft<br>\u2022 Gesch\u00e4ftsmodelle<br>\u2022 Produktbewertung<\/li><li>Partnerschaften<br>\u2022 Aufbau von strategischen Allianzen und gemeinsamen Entwicklungsprogrammen<br>\u2022 Ein- und Auslizenzierung von Verm\u00f6genswerten<\/li><li>Fundraising<br>\u2022 Zuschussantr\u00e4ge<br>\u2022 Identifizierung von Investitionspartnern\/Venture Capital<\/li><\/ul><\/div><\/div><\/div>\n\n<div class=\"aligncenter wp-block-ugb-icon-list ugb-icon-list ugb-33b1c8d ugb-icon-list--v2 ugb-main-block\"><style>.ugb-33b1c8d li{font-size:15px !important}.ugb-33b1c8d li::before{background-image:url('data:image\/svg+xml;base64,PHN2ZyB4bWxucz0iaHR0cDovL3d3dy53My5vcmcvMjAwMC9zdmciIHZpZXdCb3g9IjAgMCAxOTAgMTkwIj48cG9seWdvbiBwb2ludHM9IjE3My44LDI4LjQgNjAuNCwxNDEuOCAxNS43LDk3LjIgNS4xLDEwNy44IDYwLjQsMTYzIDE4NC40LDM5IDE3My44LDI4LjQiLz48L3N2Zz4=')}.ugb-33b1c8d.ugb-icon-list ul{columns:1}.ugb-33b1c8d .ugb-inner-block{text-align:left}.ugb-33b1c8d .ugb-block-title{font-size:20px !important;color:#024f7c;margin-bottom:12px !important}<\/style><div class=\"ugb-inner-block\"><h2 class=\"ugb-block-title\"><strong>Produktrealisierung<\/strong><\/h2><div class=\"ugb-block-content\"><ul><li>Einrichtung eines Qualit\u00e4tskontrollsystems<\/li><li>Bewertung von Produkten und Prozessen auf Qualit\u00e4tskontrollrisiken<\/li><li><a href=\"https:\/\/newguide.net\/wp-content\/uploads\/2022\/03\/Qualita\u0308tskontrolle-Qualita\u0308tsmanagement-2.pdf\" target=\"_blank\" rel=\"noreferrer noopener\">Qualit\u00e4tsdesign f\u00fcr die Herstellung<\/a> <\/li><\/ul><\/div><\/div><\/div>\n","protected":false},"excerpt":{"rendered":"<p>Die Berater von New Guide haben an verschiedenen Phasen der Produkt- und Gesch\u00e4ftsentwicklung mitgewirkt, von der Einf\u00fchrung des Produkts bis zur Markteinf\u00fchrung, von der Analyse von Chancen und der Entwicklung von Strategien bis zur Priorisierung von Ressourcen, um operativ effiziente Ergebnisse zu erzielen. Die Berater von New Guide verf\u00fcgen au\u00dferdem \u00fcber ein umfangreiches Netzwerk von&hellip; <a class=\"more-link\" href=\"https:\/\/newguide.net\/de\/beratung\/\"><span class=\"screen-reader-text\">Beratung<\/span> weiterlesen<\/a><\/p>\n","protected":false},"author":1,"featured_media":0,"parent":0,"menu_order":0,"comment_status":"closed","ping_status":"closed","template":"","meta":{"footnotes":""},"class_list":["post-2495","page","type-page","status-publish","hentry","entry"],"featured_image_urls_v2":{"full":"","thumbnail":"","medium":"","medium_large":"","large":"","1536x1536":"","2048x2048":"","post-thumbnail":""},"post_excerpt_stackable_v2":"<p>Die Berater von New Guide haben an verschiedenen Phasen der Produkt- und Gesch\u00e4ftsentwicklung mitgewirkt, von der Einf\u00fchrung des Produkts bis zur Markteinf\u00fchrung, von der Analyse von Chancen und der Entwicklung von Strategien bis zur Priorisierung von Ressourcen, um operativ effiziente Ergebnisse zu erzielen. Die Berater von New Guide verf\u00fcgen au\u00dferdem \u00fcber ein umfangreiches Netzwerk von Fachleuten an f\u00fchrenden Bildungs- und medizinischen Einrichtungen in Deutschland.Der Umfang der Unterst\u00fctzung, Beratung und Anleitung umfasst die folgenden Bereiche: Forschung und EntwicklungPl\u00e4ne f\u00fcr Forschung und Entwicklung\u2022 Pr\u00e4klinische und klinische Pl\u00e4ne\u2022 Regulatorische AngelegenheitenBewertung und Optimierung des Projektportfolios\u2022 Technologien\u2022 Medizinischer Bedarf\u2022 Externe M\u00f6glichkeiten Management und TeamsMentoring und&hellip;<\/p>\n","category_list_v2":"","author_info_v2":{"name":"newguide","url":"https:\/\/newguide.net\/de\/author\/newguide\/"},"comments_num_v2":"0 comments","yoast_head":"<!-- This site is optimized with the Yoast SEO plugin v23.4 - https:\/\/yoast.com\/wordpress\/plugins\/seo\/ -->\n<title>Beratung - New Guide<\/title>\n<meta name=\"robots\" content=\"index, follow, max-snippet:-1, max-image-preview:large, max-video-preview:-1\" \/>\n<link rel=\"canonical\" href=\"https:\/\/newguide.net\/de\/beratung\/\" \/>\n<meta property=\"og:locale\" content=\"de_DE\" \/>\n<meta property=\"og:type\" content=\"article\" \/>\n<meta property=\"og:title\" content=\"Beratung - New Guide\" \/>\n<meta property=\"og:description\" content=\"Die Berater von New Guide haben an verschiedenen Phasen der Produkt- und Gesch\u00e4ftsentwicklung mitgewirkt, von der Einf\u00fchrung des Produkts bis zur Markteinf\u00fchrung, von der Analyse von Chancen und der Entwicklung von Strategien bis zur Priorisierung von Ressourcen, um operativ effiziente Ergebnisse zu erzielen. Die Berater von New Guide verf\u00fcgen au\u00dferdem \u00fcber ein umfangreiches Netzwerk von&hellip; Beratung weiterlesen\" \/>\n<meta property=\"og:url\" content=\"https:\/\/newguide.net\/de\/beratung\/\" \/>\n<meta property=\"og:site_name\" content=\"New Guide\" \/>\n<meta property=\"article:modified_time\" content=\"2022-11-17T08:14:53+00:00\" \/>\n<meta property=\"og:image\" content=\"https:\/\/newguide.net\/wp-content\/uploads\/2021\/06\/IMG_0024.png\" \/>\n<meta name=\"twitter:card\" content=\"summary_large_image\" \/>\n<meta name=\"twitter:label1\" content=\"Gesch\u00e4tzte Lesezeit\" \/>\n\t<meta name=\"twitter:data1\" content=\"1\u00a0Minute\" \/>\n<script type=\"application\/ld+json\" class=\"yoast-schema-graph\">{\"@context\":\"https:\/\/schema.org\",\"@graph\":[{\"@type\":\"WebPage\",\"@id\":\"https:\/\/newguide.net\/de\/beratung\/\",\"url\":\"https:\/\/newguide.net\/de\/beratung\/\",\"name\":\"Beratung - New Guide\",\"isPartOf\":{\"@id\":\"https:\/\/newguide.net\/de\/#website\"},\"primaryImageOfPage\":{\"@id\":\"https:\/\/newguide.net\/de\/beratung\/#primaryimage\"},\"image\":{\"@id\":\"https:\/\/newguide.net\/de\/beratung\/#primaryimage\"},\"thumbnailUrl\":\"https:\/\/newguide.net\/wp-content\/uploads\/2021\/06\/IMG_0024.png\",\"datePublished\":\"2022-11-16T18:43:37+00:00\",\"dateModified\":\"2022-11-17T08:14:53+00:00\",\"breadcrumb\":{\"@id\":\"https:\/\/newguide.net\/de\/beratung\/#breadcrumb\"},\"inLanguage\":\"de\",\"potentialAction\":[{\"@type\":\"ReadAction\",\"target\":[\"https:\/\/newguide.net\/de\/beratung\/\"]}]},{\"@type\":\"ImageObject\",\"inLanguage\":\"de\",\"@id\":\"https:\/\/newguide.net\/de\/beratung\/#primaryimage\",\"url\":\"https:\/\/newguide.net\/wp-content\/uploads\/2021\/06\/IMG_0024.png\",\"contentUrl\":\"https:\/\/newguide.net\/wp-content\/uploads\/2021\/06\/IMG_0024.png\"},{\"@type\":\"BreadcrumbList\",\"@id\":\"https:\/\/newguide.net\/de\/beratung\/#breadcrumb\",\"itemListElement\":[{\"@type\":\"ListItem\",\"position\":1,\"name\":\"Home\",\"item\":\"https:\/\/newguide.net\/de\/\"},{\"@type\":\"ListItem\",\"position\":2,\"name\":\"Beratung\"}]},{\"@type\":\"WebSite\",\"@id\":\"https:\/\/newguide.net\/de\/#website\",\"url\":\"https:\/\/newguide.net\/de\/\",\"name\":\"New Guide\",\"description\":\"A Life Sciences consulting platform \",\"publisher\":{\"@id\":\"https:\/\/newguide.net\/de\/#organization\"},\"potentialAction\":[{\"@type\":\"SearchAction\",\"target\":{\"@type\":\"EntryPoint\",\"urlTemplate\":\"https:\/\/newguide.net\/de\/?s={search_term_string}\"},\"query-input\":{\"@type\":\"PropertyValueSpecification\",\"valueRequired\":true,\"valueName\":\"search_term_string\"}}],\"inLanguage\":\"de\"},{\"@type\":\"Organization\",\"@id\":\"https:\/\/newguide.net\/de\/#organization\",\"name\":\"New Guide\",\"url\":\"https:\/\/newguide.net\/de\/\",\"logo\":{\"@type\":\"ImageObject\",\"inLanguage\":\"de\",\"@id\":\"https:\/\/newguide.net\/de\/#\/schema\/logo\/image\/\",\"url\":\"https:\/\/newguide.net\/wp-content\/uploads\/2021\/07\/New-Guide.png\",\"contentUrl\":\"https:\/\/newguide.net\/wp-content\/uploads\/2021\/07\/New-Guide.png\",\"width\":591,\"height\":591,\"caption\":\"New Guide\"},\"image\":{\"@id\":\"https:\/\/newguide.net\/de\/#\/schema\/logo\/image\/\"}}]}<\/script>\n<!-- \/ Yoast SEO plugin. -->","yoast_head_json":{"title":"Beratung - New Guide","robots":{"index":"index","follow":"follow","max-snippet":"max-snippet:-1","max-image-preview":"max-image-preview:large","max-video-preview":"max-video-preview:-1"},"canonical":"https:\/\/newguide.net\/de\/beratung\/","og_locale":"de_DE","og_type":"article","og_title":"Beratung - New Guide","og_description":"Die Berater von New Guide haben an verschiedenen Phasen der Produkt- und Gesch\u00e4ftsentwicklung mitgewirkt, von der Einf\u00fchrung des Produkts bis zur Markteinf\u00fchrung, von der Analyse von Chancen und der Entwicklung von Strategien bis zur Priorisierung von Ressourcen, um operativ effiziente Ergebnisse zu erzielen. Die Berater von New Guide verf\u00fcgen au\u00dferdem \u00fcber ein umfangreiches Netzwerk von&hellip; Beratung weiterlesen","og_url":"https:\/\/newguide.net\/de\/beratung\/","og_site_name":"New Guide","article_modified_time":"2022-11-17T08:14:53+00:00","og_image":[{"url":"https:\/\/newguide.net\/wp-content\/uploads\/2021\/06\/IMG_0024.png"}],"twitter_card":"summary_large_image","twitter_misc":{"Gesch\u00e4tzte Lesezeit":"1\u00a0Minute"},"schema":{"@context":"https:\/\/schema.org","@graph":[{"@type":"WebPage","@id":"https:\/\/newguide.net\/de\/beratung\/","url":"https:\/\/newguide.net\/de\/beratung\/","name":"Beratung - New Guide","isPartOf":{"@id":"https:\/\/newguide.net\/de\/#website"},"primaryImageOfPage":{"@id":"https:\/\/newguide.net\/de\/beratung\/#primaryimage"},"image":{"@id":"https:\/\/newguide.net\/de\/beratung\/#primaryimage"},"thumbnailUrl":"https:\/\/newguide.net\/wp-content\/uploads\/2021\/06\/IMG_0024.png","datePublished":"2022-11-16T18:43:37+00:00","dateModified":"2022-11-17T08:14:53+00:00","breadcrumb":{"@id":"https:\/\/newguide.net\/de\/beratung\/#breadcrumb"},"inLanguage":"de","potentialAction":[{"@type":"ReadAction","target":["https:\/\/newguide.net\/de\/beratung\/"]}]},{"@type":"ImageObject","inLanguage":"de","@id":"https:\/\/newguide.net\/de\/beratung\/#primaryimage","url":"https:\/\/newguide.net\/wp-content\/uploads\/2021\/06\/IMG_0024.png","contentUrl":"https:\/\/newguide.net\/wp-content\/uploads\/2021\/06\/IMG_0024.png"},{"@type":"BreadcrumbList","@id":"https:\/\/newguide.net\/de\/beratung\/#breadcrumb","itemListElement":[{"@type":"ListItem","position":1,"name":"Home","item":"https:\/\/newguide.net\/de\/"},{"@type":"ListItem","position":2,"name":"Beratung"}]},{"@type":"WebSite","@id":"https:\/\/newguide.net\/de\/#website","url":"https:\/\/newguide.net\/de\/","name":"New Guide","description":"A Life Sciences consulting platform ","publisher":{"@id":"https:\/\/newguide.net\/de\/#organization"},"potentialAction":[{"@type":"SearchAction","target":{"@type":"EntryPoint","urlTemplate":"https:\/\/newguide.net\/de\/?s={search_term_string}"},"query-input":{"@type":"PropertyValueSpecification","valueRequired":true,"valueName":"search_term_string"}}],"inLanguage":"de"},{"@type":"Organization","@id":"https:\/\/newguide.net\/de\/#organization","name":"New Guide","url":"https:\/\/newguide.net\/de\/","logo":{"@type":"ImageObject","inLanguage":"de","@id":"https:\/\/newguide.net\/de\/#\/schema\/logo\/image\/","url":"https:\/\/newguide.net\/wp-content\/uploads\/2021\/07\/New-Guide.png","contentUrl":"https:\/\/newguide.net\/wp-content\/uploads\/2021\/07\/New-Guide.png","width":591,"height":591,"caption":"New Guide"},"image":{"@id":"https:\/\/newguide.net\/de\/#\/schema\/logo\/image\/"}}]}},"_links":{"self":[{"href":"https:\/\/newguide.net\/de\/wp-json\/wp\/v2\/pages\/2495","targetHints":{"allow":["GET"]}}],"collection":[{"href":"https:\/\/newguide.net\/de\/wp-json\/wp\/v2\/pages"}],"about":[{"href":"https:\/\/newguide.net\/de\/wp-json\/wp\/v2\/types\/page"}],"author":[{"embeddable":true,"href":"https:\/\/newguide.net\/de\/wp-json\/wp\/v2\/users\/1"}],"replies":[{"embeddable":true,"href":"https:\/\/newguide.net\/de\/wp-json\/wp\/v2\/comments?post=2495"}],"version-history":[{"count":3,"href":"https:\/\/newguide.net\/de\/wp-json\/wp\/v2\/pages\/2495\/revisions"}],"predecessor-version":[{"id":2500,"href":"https:\/\/newguide.net\/de\/wp-json\/wp\/v2\/pages\/2495\/revisions\/2500"}],"wp:attachment":[{"href":"https:\/\/newguide.net\/de\/wp-json\/wp\/v2\/media?parent=2495"}],"curies":[{"name":"wp","href":"https:\/\/api.w.org\/{rel}","templated":true}]}}